{"id":3205,"date":"2016-11-06T16:43:35","date_gmt":"2016-11-06T11:43:35","guid":{"rendered":"http:\/\/bits.com.ec\/bits\/?page_id=3205"},"modified":"2016-11-07T02:00:07","modified_gmt":"2016-11-06T21:00:07","slug":"preguntas","status":"publish","type":"page","link":"http:\/\/bits.com.ec\/bits\/preguntas\/","title":{"rendered":"definiciones en cctv"},"content":{"rendered":"<p>Les comparto algunas definiciones en cctv como conceptos b\u00e1sicos que se utilizan en el \u00e1mbito del circuito cerrado de televisi\u00f3n<br \/>\n<iframe loading=\"lazy\" src=\"https:\/\/www.youtube.com\/embed\/1-B4fAx81W4\" width=\"560\" height=\"315\" frameborder=\"0\" allowfullscreen=\"allowfullscreen\"><\/iframe><\/p>\n<h2><span style=\"color: #0000ff;\">\u00bfQue es CCTV?<\/span><\/h2>\n<p><em>Definiciones en cctv<\/em>, Circuito Cerrado de Televisi\u00f3n, mas informaci\u00f3n de<a href=\"https:\/\/es.wikipedia.org\/wiki\/Circuito_cerrado_de_televisi%C3%B3n\" target=\"_blank\"> cctv en wikipedia<\/a><\/p>\n<h2><a href=\"http:\/\/bits.com.ec\/bits\/wp-content\/uploads\/2016\/11\/hector.jpg\"><img loading=\"lazy\" decoding=\"async\" class=\"aligncenter size-medium wp-image-3229\" src=\"http:\/\/bits.com.ec\/bits\/wp-content\/uploads\/2016\/11\/hector-300x225.jpg\" alt=\"definiciones de cctv\" width=\"300\" height=\"225\" srcset=\"http:\/\/bits.com.ec\/bits\/wp-content\/uploads\/2016\/11\/hector-300x225.jpg 300w, http:\/\/bits.com.ec\/bits\/wp-content\/uploads\/2016\/11\/hector.jpg 480w\" sizes=\"(max-width: 300px) 100vw, 300px\" \/><\/a><\/h2>\n<h2><span style=\"color: #0000ff;\">\u00bfComponentes b\u00e1sicos de un sistema de CCTV?<\/span><\/h2>\n<ul>\n<li>Grabador (DVR,NVR)<\/li>\n<li>Disco Duro (1,2,4,6 tb)<\/li>\n<li>C\u00e1maras de seguridad (Lente fijo o Lente varifocal), an\u00e1loga, HD o IP.<\/li>\n<li>Fuentes de alimentaci\u00f3n el\u00e9ctrica (Individual o Conmutada)<\/li>\n<li>Cable (Red, Coaxial o RCA)<\/li>\n<li>Display (monitor o tv)<\/li>\n<\/ul>\n<h2><span style=\"color: #0000ff;\">\u00bfTrucos y Consejos en CCTV?<\/span><\/h2>\n<p>En este sitio web, existe excelente informaci\u00f3n, les comparto\u00a0<a class=\"maxbutton-3 maxbutton maxbutton-trucos-y-consejos-en-cctv\" target=\"_blank\" href=\"http:\/\/camarasdeseguridad.com.ec\/blog\/trucos-y-consejos\/\"><span class='mb-text'>Trucos y Consejos<\/span><\/a><\/p>\n<h2><span style=\"color: #0000ff;\">\u00bfQue significa DVR?<\/span><\/h2>\n<p>Digital Video Recorder<\/p>\n<h2><span style=\"color: #0000ff;\">\u00bfQue significa NVR?<\/span><\/h2>\n<p>Network Video Recorder \u00a0en espa\u00f1ol (Grabador de Video de Red)<\/p>\n<h2><span style=\"color: #0000ff;\">\u00bfQue significa HVR?<\/span><\/h2>\n<p>Los HVR unifica en un solo equipo las tecnolog\u00edas DVR y NVR, o sea son los h\u00edbridos y trih\u00edbridos, esto se puede determinar en <u>definiciones en cctv<\/u><\/p>\n<h2><span style=\"color: #0000ff;\">\u00bfQue es una fuente conmutada?<\/span><\/h2>\n<p>Es la que transforma de 110v o 220v a 12 v, existen de diferentes amperajes 5,10,15,20,30, es la mejor alternativa al instalar el circuito cerrado de televisi\u00f3n ya que el ciclo de vida es superior.<\/p>\n<h2><span style=\"color: #0000ff;\">\u00bfQue significa c\u00e1mara hd 720p?<\/span><\/h2>\n<p><span style=\"color: #000000;\">Esta nomenclatura o t\u00e9rmino es<\/span>\u00a0usado principalmente en la televisi\u00f3n de alta definici\u00f3n (HDTV). El 720 representa 720 l\u00edneas horizontales de resoluci\u00f3n de pantalla, mientras que la letra p representa que es un barrido progresivo.<\/p>\n<h2><span style=\"color: #0000ff;\">\u00bfQue significa c\u00e1mara hd 1080p?<\/span><\/h2>\n<p>Se lo conoce como Full HD, es la resoluci\u00f3n m\u00e1xima usada en la televisi\u00f3n de alta definici\u00f3n (HDTV). El \u00a01080 representa 1080 l\u00edneas horizontales que dan cuenta de la resoluci\u00f3n vertical.<\/p>\n<h2><span style=\"color: #0000ff;\">\u00bfQue significa las camaras son formato PAL?<\/span><\/h2>\n<p><span style=\"color: #000000;\"><span style=\"font-family: Arial;\">(Phase Alternative Une) son utilizadas Europa, Australia y Medio Oriente, si lo instalas en un grabador y la vez en blanco y negro es por que el grabador esta con NTSC y las camaras en pal<\/span><\/span><\/p>\n<h2><span style=\"color: #0000ff;\">\u00bfQue significa las camaras son formato NTSC?<\/span><\/h2>\n<p>National Television Standards Committee, se comercializa en Sur Am\u00e9rica, en Norteam\u00e9rica y Jap\u00f3n<\/p>\n<p><a href=\"http:\/\/bits.com.ec\/bits\/wp-content\/uploads\/2016\/11\/Museo-de-Barcelona-camaras-de-seguridad-guayaquil-300x225.jpg\"><img loading=\"lazy\" decoding=\"async\" class=\"aligncenter size-medium wp-image-3230\" src=\"http:\/\/bits.com.ec\/bits\/wp-content\/uploads\/2016\/11\/Museo-de-Barcelona-camaras-de-seguridad-guayaquil-300x225-300x225.jpg\" alt=\"definiciones de cctv museo barcelona y emelec\" width=\"300\" height=\"225\" \/><\/a><\/p>\n<h2><span style=\"color: #0000ff;\">\u00bfQue es el Firmware del grabador o c\u00e1mara IP?<\/span><\/h2>\n<p>Es el programa o software instalado en el grabador o en la c\u00e1mara IP es el \u00absistema operativo\u00bb, que controla y maneja la relaci\u00f3n del hardware.<\/p>\n<h2><span style=\"color: #0000ff;\">\u00bfCual es la aplicaci\u00f3n para ver las camaras de seguridad desde los equipos moviles?<\/span><\/h2>\n<ul>\n<li>Empresa Dahua: gdmss o idmss<\/li>\n<li>Empresa Hikvision: ivms 4500<\/li>\n<li>General: xmeye<\/li>\n<\/ul>\n<h2><span style=\"color: #0000ff;\">\u00bfQue es HDTCV<\/span><\/h2>\n<p>High Definition Transport Video Interface, es una tecnolog\u00eda desarrollada por la empresa HIKVISION<\/p>\n<h2><span style=\"color: #0000ff;\">\u00bfQue es HDCVI?<\/span><\/h2>\n<p>High Definition Composite Video Interface, o Interfaz Compuesta de V\u00eddeo de Alta Definici\u00f3n, es una tecnolog\u00eda desarrollada por la empresa Dahua<\/p>\n<h2><span style=\"color: #0000ff;\">\u00bfQue es AHD?<\/span><\/h2>\n<p>Analog High Definition, es una tecnolog\u00eda desarrollada por ChipNext<\/p>\n<h2><span style=\"color: #0000ff;\">\u00bfQue cable se utiliza para la parte interior al instalar las camaras?<\/span><\/h2>\n<ul>\n<li>El cable que se puede utilizar es el UTP (<em>Unshielded Twisted Pair<\/em> (traduciendo<strong>\u00a0<\/strong>\u201cPar trenzado no blindado\u201d<\/li>\n<li>Cable coaxial rg 59<\/li>\n<\/ul>\n<h2><span style=\"color: #0000ff;\">\u00bfQue cable se utiliza para la parte Exterior al instalar las camaras?<\/span><\/h2>\n<ul>\n<li>STP, par trenzado blindado, \u00a0tiene recubrimiento aislante para proteger la transmisi\u00f3n de potenciales interferencias.<\/li>\n<li>FTP.\u00a0par trenzado blindado globalmente, son\u00a0de cables protegidos contra las interferencias superior al UTP y al STP.<\/li>\n<li>Coaxial, RG6 o RG11<\/li>\n<\/ul>\n<h2>\u00a0<span style=\"color: #0000ff;\">\u00bfOtros sitios web, sobres conceptos de CCTV?<\/span><\/h2>\n<p>Les comparto otro sitio web, donde pueden encontrar mas informaci\u00f3n sobre conceptos de videovigilancia\u00a0<a class=\"maxbutton-4 maxbutton maxbutton-conceptos-de-cctv\" target=\"_blank\" href=\"http:\/\/camarasdeseguridad.com.ec\/blog\/conceptos-de-cctv\/\"><span class='mb-text'>Conceptos de CCTV<\/span><\/a><\/p>\n<div id=\"attachment_3254\" style=\"width: 310px\" class=\"wp-caption aligncenter\"><a href=\"http:\/\/bits.com.ec\/bits\/contacto\/\" target=\"_blank\"><img loading=\"lazy\" decoding=\"async\" aria-describedby=\"caption-attachment-3254\" class=\"size-medium wp-image-3254\" src=\"http:\/\/bits.com.ec\/bits\/wp-content\/uploads\/2016\/11\/camaras-de-seguridad-300x225.jpg\" alt=\"camaras de seguridad\" width=\"300\" height=\"225\" srcset=\"http:\/\/bits.com.ec\/bits\/wp-content\/uploads\/2016\/11\/camaras-de-seguridad-300x225.jpg 300w, http:\/\/bits.com.ec\/bits\/wp-content\/uploads\/2016\/11\/camaras-de-seguridad.jpg 960w\" sizes=\"(max-width: 300px) 100vw, 300px\" \/><\/a><p id=\"caption-attachment-3254\" class=\"wp-caption-text\">Contacto<\/p><\/div>\n","protected":false},"excerpt":{"rendered":"<p>Les comparto algunas definiciones en cctv como conceptos b\u00e1sicos que se utilizan en el \u00e1mbito del circuito cerrado de televisi\u00f3n \u00bfQue es CCTV? Definiciones en cctv, Circuito Cerrado de Televisi\u00f3n, mas informaci\u00f3n de cctv en wikipedia \u00bfComponentes b\u00e1sicos de un sistema de CCTV? Grabador (DVR,NVR) Disco Duro (1,2,4,6 tb) C\u00e1maras de seguridad (Lente fijo o &hellip; <\/p>\n<p><a class=\"more-link block-button\" href=\"http:\/\/bits.com.ec\/bits\/preguntas\/\">Continuar leyendo &raquo;<\/a><\/p>\n","protected":false},"author":1,"featured_media":0,"parent":0,"menu_order":0,"comment_status":"open","ping_status":"open","template":"","meta":{"footnotes":""},"_links":{"self":[{"href":"http:\/\/bits.com.ec\/bits\/wp-json\/wp\/v2\/pages\/3205"}],"collection":[{"href":"http:\/\/bits.com.ec\/bits\/wp-json\/wp\/v2\/pages"}],"about":[{"href":"http:\/\/bits.com.ec\/bits\/wp-json\/wp\/v2\/types\/page"}],"author":[{"embeddable":true,"href":"http:\/\/bits.com.ec\/bits\/wp-json\/wp\/v2\/users\/1"}],"replies":[{"embeddable":true,"href":"http:\/\/bits.com.ec\/bits\/wp-json\/wp\/v2\/comments?post=3205"}],"version-history":[{"count":35,"href":"http:\/\/bits.com.ec\/bits\/wp-json\/wp\/v2\/pages\/3205\/revisions"}],"predecessor-version":[{"id":3259,"href":"http:\/\/bits.com.ec\/bits\/wp-json\/wp\/v2\/pages\/3205\/revisions\/3259"}],"wp:attachment":[{"href":"http:\/\/bits.com.ec\/bits\/wp-json\/wp\/v2\/media?parent=3205"}],"curies":[{"name":"wp","href":"https:\/\/api.w.org\/{rel}","templated":true}]}}