{"id":3445,"date":"2017-07-24T10:20:14","date_gmt":"2017-07-24T05:20:14","guid":{"rendered":"http:\/\/bits.com.ec\/bits\/?page_id=3445"},"modified":"2024-11-09T22:45:49","modified_gmt":"2024-11-09T17:45:49","slug":"servicio-tecnico-en-camaras-de-seguridad","status":"publish","type":"page","link":"http:\/\/bits.com.ec\/bits\/servicio-tecnico-en-camaras-de-seguridad\/","title":{"rendered":"Servicio tecnico Camaras de seguridad"},"content":{"rendered":"<h1><strong><span style=\"color: #0000ff;\">Servicio tecnico Camaras de seguridad<\/span><\/strong><\/h1>\n<h3 style=\"text-align: justify;\"><em><b>Servicio t\u00e9cnico de camaras de seguridad en Guayaquil, Milagro, Daule, Dur\u00e1n, Playas Villamil, somos especialistas, realizamos visita t\u00e9cnica, cont\u00e1ctenos al\u00a0 WhatsApp 0990955044. Agende su cita.<\/b><\/em><\/h3>\n<h3 style=\"text-align: justify;\">Tenemos una amplia experiencia en la instalaci\u00f3n, configuraci\u00f3n, mantenimiento y servicio tecnico de sistemas de camaras de seguridad (video vigilancia), tanto para empresas y domicilios.<\/h3>\n<div style=\"width: 1080px;\" class=\"wp-video\"><!--[if lt IE 9]><script>document.createElement('video');<\/script><![endif]-->\n<video class=\"wp-video-shortcode\" id=\"video-3445-1\" width=\"1080\" height=\"1920\" preload=\"metadata\" controls=\"controls\"><source type=\"video\/mp4\" src=\"http:\/\/bits.com.ec\/bits\/wp-content\/uploads\/2024\/05\/anuncio-video-nuevo-servicio-tecnico-camaras.mp4?_=1\" \/><a href=\"http:\/\/bits.com.ec\/bits\/wp-content\/uploads\/2024\/05\/anuncio-video-nuevo-servicio-tecnico-camaras.mp4\">http:\/\/bits.com.ec\/bits\/wp-content\/uploads\/2024\/05\/anuncio-video-nuevo-servicio-tecnico-camaras.mp4<\/a><\/video><\/div>\n<h3><strong><span style=\"color: #0000ff;\">Preguntas frecuentes sobre servicio tecnico Camaras de seguridad:<\/span><\/strong><\/h3>\n<h3><strong><span style=\"color: #0000ff;\">\u00bfLa visita t\u00e9cnica tiene alg\u00fan costo?<\/span><\/strong><\/h3>\n<h3>En la ciudad de Guayaquil no tiene costo, para otras ciudades consultar el precio.<\/h3>\n<h3><strong><span style=\"color: #0000ff;\">\u00bfProblemas en los sistemas de video vigilancia?\u00a0<\/span><\/strong><\/h3>\n<h3 style=\"text-align: justify;\">Los problemas que normalmente encontramos al momento de analizar el estado del sistema de c\u00e1maras de seguridad por lo general son:<\/h3>\n<ul>\n<li>\n<h3><strong>Grabador<\/strong><\/h3>\n<ul>\n<li>\n<h3>Reinicia<\/h3>\n<\/li>\n<li>\n<h3>Constantemente no reconoce el disco duro<\/h3>\n<\/li>\n<li>\n<h3>Disco duro averiado<\/h3>\n<\/li>\n<li>\n<h3>Pita el grabador<\/h3>\n<\/li>\n<li>\n<h3>Canal de video uno o mas averiados<\/h3>\n<\/li>\n<\/ul>\n<\/li>\n<li>\n<h3><strong>C\u00e1maras<\/strong><\/h3>\n<ul>\n<li>\n<h3>Distorsi\u00f3n en el color de las im\u00e1genes<\/h3>\n<\/li>\n<li>\n<h3>Rayas o interferencia<\/h3>\n<\/li>\n<li>\n<h3>en la noche no tiene mucho alcance los (IR)<\/h3>\n<\/li>\n<\/ul>\n<\/li>\n<li>\n<h3><strong>Cableado<\/strong><\/h3>\n<ul>\n<li>\n<h3>De un mismo cable conectas dos o tres c\u00e1maras.<\/h3>\n<\/li>\n<li>\n<h3>cableado no apropiado.<\/h3>\n<\/li>\n<li>\n<h3>cableado da\u00f1ado por agua<\/h3>\n<\/li>\n<\/ul>\n<\/li>\n<li>\n<h3><strong>Fuentes de alimentaci\u00f3n<\/strong><\/h3>\n<ul>\n<li>\n<h3>El amperaje no apropiado para la c\u00e1mara<\/h3>\n<\/li>\n<li>\n<h3>poco amperaje no encienden los leds<\/h3>\n<\/li>\n<li>\n<h3>la c\u00e1mara se apaga<\/h3>\n<\/li>\n<\/ul>\n<\/li>\n<li>\n<h3><strong>Conectores:<\/strong><\/h3>\n<ul>\n<li>\n<h3>Imagen con rayas<\/h3>\n<\/li>\n<\/ul>\n<\/li>\n<\/ul>\n<h3><strong><span style=\"color: #0000ff;\">\u00bfLo m\u00ednimo que debes de realizar en un mantenimiento del sistema de cctv?<\/span><\/strong><\/h3>\n<h3 style=\"text-align: justify;\">Un mantenimiento muy b\u00e1sico en el sistema de CCTV es el cambio de algunos elementos, principalmente relacionado a las energ\u00eda el\u00e9ctrica y conectores podemos citar:<\/h3>\n<ul>\n<li style=\"text-align: justify;\">\n<h3>Fuente individual o conmutada, averiada o disminuida en su amperaje<\/h3>\n<\/li>\n<li style=\"text-align: justify;\">\n<h3>Mantenimiento tanto en la parte interior como exterior de la c\u00e1mara ya sean HD o IP.<\/h3>\n<\/li>\n<li style=\"text-align: justify;\">\n<h3>En distancias superior a los 60 metros colocar una fuente individual no menos de 2 amperios.<\/h3>\n<\/li>\n<\/ul>\n<h3><strong><span style=\"color: #0000ff;\">\u00bfMantenimiento completo de tu sistema de video vigilancia?<\/span><\/strong><\/h3>\n<ul>\n<li>\n<h3>Fuentes individuales y conmutada, cambiar todas y con suficiente amperaje.<\/h3>\n<\/li>\n<li>\n<h3>Conectores: todos tanto bal\u00fam y dc.<\/h3>\n<\/li>\n<li>\n<h3>Mantenimiento Interior y exterior de c\u00e1maras de seguridad.<\/h3>\n<\/li>\n<li>\n<h3>No compartir el cable, esto implica un cable por c\u00e1mara.<\/h3>\n<\/li>\n<\/ul>\n<h3><strong><span style=\"color: #0000ff;\">\u00bfCada que tiempo hay que realizar el mantenimiento del CCTV?<\/span><\/strong><\/h3>\n<h3 style=\"text-align: justify;\">El tiempo varia dependiendo del entorno y los materiales utilizados, si se realiza una instalaci\u00f3n profesional tomando en consideraci\u00f3n tubos, canaletas, cableado correcto, baluns, conectores apropiados, pienso que el mantenimiento debe de realizar.<\/h3>\n<ul>\n<li>\n<h3>Ambiente no salubre: cada 18 meses<\/h3>\n<\/li>\n<li>\n<h3>Ambiente Salubre (playa): cada 6 meses<\/h3>\n<\/li>\n<\/ul>\n<h3><strong><span style=\"color: #0000ff;\">\u00bfCu\u00e1l es el precio del mantenimiento?<\/span><\/strong><\/h3>\n<h3 style=\"text-align: justify;\">Nosotros solicitamos una visita t\u00e9cnica sin costo, ya que evaluamos los materiales y el recurso humano que se necesita, el precio var\u00eda dependiendo de varios factores como los indicados para el mantenimiento de c\u00e1maras de seguridad.<\/h3>\n<h2><strong><span style=\"color: #0000ff;\">Contacto para Servicio tecnico Camaras de seguridad:<\/span><\/strong><\/h2>\n<ul>\n<li>\n<h3>WhatsApp: 0990955044<\/h3>\n<\/li>\n<li>\n<h3>camaras@bits.com.ec<\/h3>\n<\/li>\n<\/ul>\n<p>&nbsp;<\/p>\n<h3><span style=\"color: #ff0000;\"><strong>Por favor llenar el formulario de contacto:<\/strong><\/span><\/h3>\n<div role=\"form\" class=\"wpcf7\" id=\"wpcf7-f215-o1\" lang=\"en-US\" dir=\"ltr\">\n<div class=\"screen-reader-response\"><\/div>\n<form action=\"\/bits\/wp-json\/wp\/v2\/pages\/3445#wpcf7-f215-o1\" method=\"post\" class=\"wpcf7-form\" novalidate=\"novalidate\">\n<div style=\"display: none;\">\n<input type=\"hidden\" name=\"_wpcf7\" value=\"215\" \/>\n<input type=\"hidden\" name=\"_wpcf7_version\" value=\"4.7\" \/>\n<input type=\"hidden\" name=\"_wpcf7_locale\" value=\"en_US\" \/>\n<input type=\"hidden\" name=\"_wpcf7_unit_tag\" value=\"wpcf7-f215-o1\" \/>\n<input type=\"hidden\" name=\"_wpnonce\" value=\"8b438bdc12\" \/>\n<\/div>\n<p>Su nombre: (requerido)<br \/>\n    <span class=\"wpcf7-form-control-wrap your-name\"><input type=\"text\" name=\"your-name\" value=\"\" size=\"40\" class=\"wpcf7-form-control wpcf7-text wpcf7-validates-as-required\" aria-required=\"true\" aria-invalid=\"false\" \/><\/span> <\/p>\n<p>Su email: (requerido)<br \/>\n    <span class=\"wpcf7-form-control-wrap your-email\"><input type=\"email\" name=\"your-email\" value=\"\" size=\"40\" class=\"wpcf7-form-control wpcf7-text wpcf7-email wpcf7-validates-as-required wpcf7-validates-as-email\" aria-required=\"true\" aria-invalid=\"false\" \/><\/span> <\/p>\n<p>Su ciudad: (requerido)<br \/>\n   <span class=\"wpcf7-form-control-wrap ciudad\"><input type=\"text\" name=\"ciudad\" value=\"\" size=\"40\" class=\"wpcf7-form-control wpcf7-text wpcf7-validates-as-required\" aria-required=\"true\" aria-invalid=\"false\" \/><\/span> <\/p>\n<p>Su Telefono: (requerido)<br \/>\n    <span class=\"wpcf7-form-control-wrap Telefono\"><input type=\"text\" name=\"Telefono\" value=\"\" size=\"40\" class=\"wpcf7-form-control wpcf7-text wpcf7-validates-as-required\" aria-required=\"true\" aria-invalid=\"false\" \/><\/span> <\/p>\n<p>Asunto<br \/>\n    <span class=\"wpcf7-form-control-wrap your-subject\"><input type=\"text\" name=\"your-subject\" value=\"\" size=\"40\" class=\"wpcf7-form-control wpcf7-text\" aria-invalid=\"false\" \/><\/span> <\/p>\n<p>Su Mensaje<br \/>\n    <span class=\"wpcf7-form-control-wrap your-message\"><textarea name=\"your-message\" cols=\"40\" rows=\"10\" class=\"wpcf7-form-control wpcf7-textarea\" aria-invalid=\"false\"><\/textarea><\/span> <\/p>\n<p><input type=\"submit\" value=\"Send\" class=\"wpcf7-form-control wpcf7-submit\" \/><\/p>\n<p style=\"display: none !important;\"><label>&#916;<textarea name=\"_wpcf7_ak_hp_textarea\" cols=\"45\" rows=\"8\" maxlength=\"100\"><\/textarea><\/label><input type=\"hidden\" id=\"ak_js_1\" name=\"_wpcf7_ak_js\" value=\"230\"\/><script>document.getElementById( \"ak_js_1\" ).setAttribute( \"value\", ( new Date() ).getTime() );<\/script><\/p><div class=\"wpcf7-response-output wpcf7-display-none\"><\/div><\/form><\/div>\n<p>&nbsp;<\/p>\n<h3><span style=\"color: #0000ff;\"><strong>\u00bfEres t\u00e9cnico y necesitas una asesor\u00eda?<\/strong><\/span><\/h3>\n<h2><a href=\"http:\/\/bits.com.ec\/bits\/asesoria-online-y-presencial\/\" target=\"_blank\" rel=\"noopener noreferrer\"><span style=\"color: #ff0000;\"><strong>AGENDA UNA CITA PARA UNA ASESORIA ONLINE O PRESENCIAL<\/strong><\/span><\/a><\/h2>\n<p>&nbsp;<\/p>\n","protected":false},"excerpt":{"rendered":"<p>Servicio tecnico Camaras de seguridad Servicio t\u00e9cnico de camaras de seguridad en Guayaquil, Milagro, Daule, Dur\u00e1n, Playas Villamil, somos especialistas, realizamos visita t\u00e9cnica, cont\u00e1ctenos al\u00a0 WhatsApp 0990955044. Agende su cita. Tenemos una amplia experiencia en la instalaci\u00f3n, configuraci\u00f3n, mantenimiento y servicio tecnico de sistemas de camaras de seguridad (video vigilancia), tanto para empresas y domicilios. &hellip; <\/p>\n<p><a class=\"more-link block-button\" href=\"http:\/\/bits.com.ec\/bits\/servicio-tecnico-en-camaras-de-seguridad\/\">Continuar leyendo &raquo;<\/a><\/p>\n","protected":false},"author":1,"featured_media":2060,"parent":0,"menu_order":0,"comment_status":"closed","ping_status":"closed","template":"","meta":{"footnotes":""},"_links":{"self":[{"href":"http:\/\/bits.com.ec\/bits\/wp-json\/wp\/v2\/pages\/3445"}],"collection":[{"href":"http:\/\/bits.com.ec\/bits\/wp-json\/wp\/v2\/pages"}],"about":[{"href":"http:\/\/bits.com.ec\/bits\/wp-json\/wp\/v2\/types\/page"}],"author":[{"embeddable":true,"href":"http:\/\/bits.com.ec\/bits\/wp-json\/wp\/v2\/users\/1"}],"replies":[{"embeddable":true,"href":"http:\/\/bits.com.ec\/bits\/wp-json\/wp\/v2\/comments?post=3445"}],"version-history":[{"count":52,"href":"http:\/\/bits.com.ec\/bits\/wp-json\/wp\/v2\/pages\/3445\/revisions"}],"predecessor-version":[{"id":4369,"href":"http:\/\/bits.com.ec\/bits\/wp-json\/wp\/v2\/pages\/3445\/revisions\/4369"}],"wp:featuredmedia":[{"embeddable":true,"href":"http:\/\/bits.com.ec\/bits\/wp-json\/wp\/v2\/media\/2060"}],"wp:attachment":[{"href":"http:\/\/bits.com.ec\/bits\/wp-json\/wp\/v2\/media?parent=3445"}],"curies":[{"name":"wp","href":"https:\/\/api.w.org\/{rel}","templated":true}]}}