{"id":3955,"date":"2019-09-17T01:45:08","date_gmt":"2019-09-16T20:45:08","guid":{"rendered":"http:\/\/bits.com.ec\/bits\/?page_id=3955"},"modified":"2019-09-17T02:32:38","modified_gmt":"2019-09-16T21:32:38","slug":"hector-rivadeneira-vargas","status":"publish","type":"page","link":"http:\/\/bits.com.ec\/bits\/hector-rivadeneira-vargas\/","title":{"rendered":"Hector Rivadeneira Vargas"},"content":{"rendered":"<h2 style=\"text-align: center;\"><img loading=\"lazy\" decoding=\"async\" class=\"aligncenter wp-image-3616\" src=\"http:\/\/bits.com.ec\/bits\/wp-content\/uploads\/2017\/12\/hector-rivadeneira.jpg\" alt=\"\" width=\"122\" height=\"122\" \/><\/h2>\n<h2 style=\"text-align: justify;\"><strong>M\u00e1ster H\u00e9ctor Rivadeneira Vargas<\/strong>, ecuatoriano, ingeniero en sistemas computacionales con una amplia experiencia de m\u00e1s de 10 a\u00f1os en instalaciones de todo tipo de sistemas de CCTV.<\/h2>\n<h2 style=\"text-align: justify;\">Su experticia en el tema le ha permitido colaborar con cientos de proyectos y miles de personas alrededor del mundo que a trav\u00e9s de su canal de Youtube han podido beneficiarse de sus ense\u00f1anzas.<\/h2>\n<h2>Te invitamos a que visites su canal <a href=\"https:\/\/www.youtube.com\/user\/camarasseguridadec\" target=\"_blank\" rel=\"noopener noreferrer\">Camaras de Seguridad Ecuador<\/a> y te suscribas para que puedas recibir totalmente gratis informaci\u00f3n valiosa con respecto a todo lo relacionado con c\u00e1maras de seguridad.<\/h2>\n<h2><a href=\"http:\/\/bits.com.ec\/bits\/asesoria-online-y-presencial\/\" target=\"_blank\" rel=\"noopener noreferrer\"><span style=\"color: #ff0000;\"><strong>AGENDA UNA CITA PARA UNA ASESORIA ONLINE O PRESENCIAL<\/strong><\/span><\/a><\/h2>\n","protected":false},"excerpt":{"rendered":"<p>M\u00e1ster H\u00e9ctor Rivadeneira Vargas, ecuatoriano, ingeniero en sistemas computacionales con una amplia experiencia de m\u00e1s de 10 a\u00f1os en instalaciones de todo tipo de sistemas de CCTV. Su experticia en el tema le ha permitido colaborar con cientos de proyectos y miles de personas alrededor del mundo que a trav\u00e9s de su canal de Youtube &hellip; <\/p>\n<p><a class=\"more-link block-button\" href=\"http:\/\/bits.com.ec\/bits\/hector-rivadeneira-vargas\/\">Continuar leyendo &raquo;<\/a><\/p>\n","protected":false},"author":1,"featured_media":0,"parent":0,"menu_order":0,"comment_status":"closed","ping_status":"closed","template":"","meta":{"footnotes":""},"_links":{"self":[{"href":"http:\/\/bits.com.ec\/bits\/wp-json\/wp\/v2\/pages\/3955"}],"collection":[{"href":"http:\/\/bits.com.ec\/bits\/wp-json\/wp\/v2\/pages"}],"about":[{"href":"http:\/\/bits.com.ec\/bits\/wp-json\/wp\/v2\/types\/page"}],"author":[{"embeddable":true,"href":"http:\/\/bits.com.ec\/bits\/wp-json\/wp\/v2\/users\/1"}],"replies":[{"embeddable":true,"href":"http:\/\/bits.com.ec\/bits\/wp-json\/wp\/v2\/comments?post=3955"}],"version-history":[{"count":5,"href":"http:\/\/bits.com.ec\/bits\/wp-json\/wp\/v2\/pages\/3955\/revisions"}],"predecessor-version":[{"id":3968,"href":"http:\/\/bits.com.ec\/bits\/wp-json\/wp\/v2\/pages\/3955\/revisions\/3968"}],"wp:attachment":[{"href":"http:\/\/bits.com.ec\/bits\/wp-json\/wp\/v2\/media?parent=3955"}],"curies":[{"name":"wp","href":"https:\/\/api.w.org\/{rel}","templated":true}]}}