{"id":4250,"date":"2022-01-06T23:08:35","date_gmt":"2022-01-06T18:08:35","guid":{"rendered":"http:\/\/bits.com.ec\/bits\/?page_id=4250"},"modified":"2022-01-09T23:11:25","modified_gmt":"2022-01-09T18:11:25","slug":"tallercamarasip","status":"publish","type":"page","link":"http:\/\/bits.com.ec\/bits\/tallercamarasip\/","title":{"rendered":"Taller Online de Instalaci\u00f3n y Configuraci\u00f3n de C\u00e1maras IP"},"content":{"rendered":"<p><img decoding=\"async\" src=\"https:\/\/bits.com.ec\/bits\/wp-content\/uploads\/2022\/camara-ip.jpg\" alt=\"\" \/><\/p>\n<h2><span style=\"color: #ff0000;\"><strong>TALLER ONLINE DE INSTALACION Y CONFIGURACION DE UN SISTEMA CCTV CABLEADO BASADO EN TECNOLOGIA IP<\/strong><\/span><\/h2>\n<h3 style=\"text-align: center;\"><strong>GRUPO 1: Viernes 14 de Enero, Horario: 19h00 &#8211; 22h00 (hora Ecuador)<\/strong><\/h3>\n<h3 style=\"text-align: center;\"><strong>GRUPO 2: S\u00e1bado 22 de Enero, Horario: 09h00 &#8211; 12h00 (hora Ecuador)<\/strong><\/h3>\n<h2 style=\"text-align: center;\"><strong>PRECIO:\u00a0 USD 17 (D\u00d3LARES)<\/strong><\/h2>\n<h4><strong>TEMARIO<\/strong><\/h4>\n<ul>\n<li>\n<h4><strong>Principios b\u00e1sicos<\/strong><\/h4>\n<ul>\n<li>Que es una direcci\u00f3n IP<\/li>\n<li>Que es una m\u00e1scara<\/li>\n<li>Que es una puerta de enlace<\/li>\n<li>Utilidades Config Tool, SADP<\/li>\n<li>Modo consola\n<ul>\n<li>Comando Ping<\/li>\n<\/ul>\n<\/li>\n<\/ul>\n<\/li>\n<li>\n<h4><strong>Cableado<\/strong><\/h4>\n<ul>\n<li>Categor\u00edas<\/li>\n<li>Diferencias CCA y 100% cobre<\/li>\n<li>POE<\/li>\n<li>Ponchar un cable, normas<\/li>\n<\/ul>\n<\/li>\n<li>\n<h4><strong>Switch<\/strong><\/h4>\n<ul>\n<li>Poe, no Poe<\/li>\n<li>En cascada<\/li>\n<\/ul>\n<\/li>\n<li>\n<h4><strong>Red Lan<\/strong><\/h4>\n<ul>\n<li>IP P\u00fablica e IP Privada<\/li>\n<li>Segmento de red.<\/li>\n<\/ul>\n<\/li>\n<li>\n<h4><strong>C\u00e1mara IP<\/strong><\/h4>\n<ul>\n<li>Instalar en un NVR del mismo fabricante<\/li>\n<li>Instalar en un NVR de otro fabricante\n<ul>\n<li>Crear un usuario ONVIF<\/li>\n<\/ul>\n<\/li>\n<li>Instalar en un XVR una c\u00e1mara ip<\/li>\n<\/ul>\n<\/li>\n<li>\n<h4><strong>Proyecto<\/strong><\/h4>\n<ul>\n<li>Principales puntos a considerar.<\/li>\n<li>Paso a paso para no tener problemas al instalar un sistema basado en tecnolog\u00eda IP<\/li>\n<\/ul>\n<\/li>\n<li>\n<h4><strong>Problemas<\/strong><\/h4>\n<ul>\n<li>Imagen robotizada<\/li>\n<li>Se pierde la se\u00f1al<\/li>\n<li>Nivel de compresi\u00f3n<\/li>\n<\/ul>\n<\/li>\n<\/ul>\n<h3><span style=\"color: #0000ff;\"><strong>LLENAR FORMULARIO DE REGISTRO<\/strong><\/span><\/h3>\n<p>&nbsp;<\/p>\n<p><iframe loading=\"lazy\" src=\"https:\/\/docs.google.com\/forms\/d\/e\/1FAIpQLSex3ARvY5PhhOZ-AsvcEACfl9NE6Wz_gLyCuIGUsgD9CFd07w\/viewform?embedded=true\" width=\"640\" height=\"1070\" frameborder=\"0\" marginwidth=\"0\" marginheight=\"0\">Cargando\u2026<\/iframe><\/p>\n","protected":false},"excerpt":{"rendered":"<p>TALLER ONLINE DE INSTALACION Y CONFIGURACION DE UN SISTEMA CCTV CABLEADO BASADO EN TECNOLOGIA IP GRUPO 1: Viernes 14 de Enero, Horario: 19h00 &#8211; 22h00 (hora Ecuador) GRUPO 2: S\u00e1bado 22 de Enero, Horario: 09h00 &#8211; 12h00 (hora Ecuador) PRECIO:\u00a0 USD 17 (D\u00d3LARES) TEMARIO Principios b\u00e1sicos Que es una direcci\u00f3n IP Que es una m\u00e1scara &hellip; <\/p>\n<p><a class=\"more-link block-button\" href=\"http:\/\/bits.com.ec\/bits\/tallercamarasip\/\">Continuar leyendo &raquo;<\/a><\/p>\n","protected":false},"author":1,"featured_media":0,"parent":0,"menu_order":0,"comment_status":"closed","ping_status":"closed","template":"","meta":{"footnotes":""},"_links":{"self":[{"href":"http:\/\/bits.com.ec\/bits\/wp-json\/wp\/v2\/pages\/4250"}],"collection":[{"href":"http:\/\/bits.com.ec\/bits\/wp-json\/wp\/v2\/pages"}],"about":[{"href":"http:\/\/bits.com.ec\/bits\/wp-json\/wp\/v2\/types\/page"}],"author":[{"embeddable":true,"href":"http:\/\/bits.com.ec\/bits\/wp-json\/wp\/v2\/users\/1"}],"replies":[{"embeddable":true,"href":"http:\/\/bits.com.ec\/bits\/wp-json\/wp\/v2\/comments?post=4250"}],"version-history":[{"count":13,"href":"http:\/\/bits.com.ec\/bits\/wp-json\/wp\/v2\/pages\/4250\/revisions"}],"predecessor-version":[{"id":4265,"href":"http:\/\/bits.com.ec\/bits\/wp-json\/wp\/v2\/pages\/4250\/revisions\/4265"}],"wp:attachment":[{"href":"http:\/\/bits.com.ec\/bits\/wp-json\/wp\/v2\/media?parent=4250"}],"curies":[{"name":"wp","href":"https:\/\/api.w.org\/{rel}","templated":true}]}}