{"id":2,"date":"2011-03-14T01:02:28","date_gmt":"2011-03-14T01:02:28","guid":{"rendered":"http:\/\/www.dev.hsphereplugins.com\/wordpress\/?page_id=2"},"modified":"2019-11-12T01:07:01","modified_gmt":"2019-11-11T20:07:01","slug":"quienes-somos","status":"publish","type":"page","link":"https:\/\/bits.com.ec\/bits\/quienes-somos\/","title":{"rendered":"Quienes Somos"},"content":{"rendered":"<h2><span style=\"color: #0000ff;\">\u00bfQuienes somos?<\/span><\/h2>\n<p>Bits Cia Ltda, es una empresa Ecuatoriana fundada en 1.998, por dos estudiantes universitarios, Hector y Kelly, al inicio <strong>Bits Cia Ltda<\/strong>, se dedic\u00f3 al campo inform\u00e1tico, como fue reparaci\u00f3n de computadoras, laptops, impresoras, recarga de cartuchos y toner de tinta, en los \u00faltimos cuatro a\u00f1os nos hemos dedicado a la v\u00eddeo vigilancia, nos graduamos de Ing. en sistemas computacionales en la Universidad Cat\u00f3lica Santiago de Guayaquil, en el a\u00f1o 2000.<\/p>\n<p>Hemos realizado muchos cursos y hemos participado en eventos internacionales enfocados a las c\u00e1maras de seguridad, tenemos estudios de cuarto nivel como maestr\u00edas, especialista, ustedes puede verificar en la pagina web de la senesyt.<\/p>\n<p>Actualmente estamos importando equipos para nuestros clientes, ya que tienen caracter\u00edsticas especiales como luminosidad, resoluci\u00f3n, estamos buscando lo mejor para nuestro clientes.<\/p>\n<p><iframe loading=\"lazy\" src=\"https:\/\/www.youtube.com\/embed\/ynlzgJZMdWM\" width=\"560\" height=\"315\" frameborder=\"0\" allowfullscreen=\"allowfullscreen\"><\/iframe><\/p>\n<h2><span style=\"color: #0000ff;\">\u00bfMisi\u00f3n Visi\u00f3n y Valores &#8211; Bits Cia Ltda?<\/span><\/h2>\n<p style=\"text-align: left;\"><strong>Nuestra Misi\u00f3n<\/strong><\/p>\n<p>Es brindar a nuestros clientes el mejor y m\u00e1s completo servicio en el campo de las tecnolog\u00edas de informaci\u00f3n, capacit\u00e1ndonos constantemente para que nuestros clientes obtengan siempre soluciones eficientes.<\/p>\n<p><strong>Nuestra Visi\u00f3n<\/strong><\/p>\n<p>Mantener la permanencia en el medio gan\u00e1ndonos la confianza de nuestros clientes, mediante el mejoramiento continuo obtenido por la integridad y el trabajo en equipo, estando siempre enfocados en una\u00a0pol\u00edtica\u00a0de calidad total.<\/p>\n<p><strong>Nuestros Valores<\/strong><\/p>\n<ul>\n<li>Honestidad<\/li>\n<li>Respeto<\/li>\n<li>Responsabilidad<\/li>\n<li>Puntualidad<\/li>\n<li>Cordialidad<\/li>\n<\/ul>\n<h2><span style=\"color: #0000ff;\">\u00bfNuestro recurso humano?<\/span><\/h2>\n<p>El recurso humano de bits cia ltda, no solo nos enfocamos a realizar el proyecto de una manera perfecta nos enfocamos a tener una amistad duradera con nuestros clientes que ellos pasan a ser nuestros amigos, en la parte profesional disponemos t\u00edtulos de tercer y cuarto nivel registrado en la p\u00e1gina web de la senescty que nos certifica como profesiones.<\/p>\n<p>Constantemente estamos investigando y estudiando nuevos productos y tecnolog\u00eda que est\u00e9n ingresando al mercado, el principal recurso humano que dispone en la parte t\u00e9cnica es:<\/p>\n<p><img loading=\"lazy\" decoding=\"async\" class=\"aligncenter size-full wp-image-3616\" src=\"http:\/\/bits.com.ec\/bits\/wp-content\/uploads\/2017\/12\/hector-rivadeneira.jpg\" alt=\"\" width=\"100\" height=\"100\" \/><\/p>\n<ul>\n<li>Tecnol\u00f3gica\n<ul>\n<li>Ing. en Sistemas Computacionales<\/li>\n<li>Especialista en comercio electr\u00f3nico<\/li>\n<li>Certificado: Dahua, Ubiquiti, fibra \u00f3ptica.<\/li>\n<li>M\u00e1ster en posicionamiento web y buscadores<\/li>\n<\/ul>\n<\/li>\n<li>Administraci\u00f3n de Empresas:\n<ul>\n<li>M\u00e1ster en direcci\u00f3n comercial y marketing<\/li>\n<li>M\u00e1ster en administraci\u00f3n de empresas<\/li>\n<li>Diplomado en marketing.<\/li>\n<\/ul>\n<\/li>\n<li>Experiencia en CCTV: 5 a\u00f1os.<\/li>\n<\/ul>\n<h2><span style=\"color: #0000ff;\">\u00bfServicios que ofrecemos?<\/span><\/h2>\n<p><u>Bits Cia Ltda\u00a0<\/u>\u00a0ofrece servicios de video vigilancia que ofrecemos son tanto para personas naturales y jur\u00eddicas:<\/p>\n<ul>\n<li>\n<h3>Asesor\u00eda<\/h3>\n<ul>\n<li>Equipos\n<ul>\n<li>DVR, XVR<\/li>\n<\/ul>\n<\/li>\n<li>Conectividad\n<ul>\n<li>Cableada<\/li>\n<li>Inal\u00e1mbrica<\/li>\n<\/ul>\n<\/li>\n<\/ul>\n<\/li>\n<li>\n<h3>Venta de equipos<\/h3>\n<ul>\n<li>Nuestros equipos tiene sensor de imagen sony<\/li>\n<\/ul>\n<\/li>\n<li>\n<h3>Mantenimiento.<\/h3>\n<\/li>\n<li>\n<h3>Cursos de capacitaci\u00f3n de Bits Cia Ltda<\/h3>\n<ul>\n<li>M\u00f3dulo 1:\u00a0<a href=\"http:\/\/bits.com.ec\/bits\/curso-de-cctv-en-guayaquil\/\"> instalaci\u00f3n, configuraci\u00f3n y soluciones de problemas en cctv.<\/a><\/li>\n<li>M\u00f3dulo 2: <a href=\"http:\/\/bits.com.ec\/bits\/modulo-2-curso-grabadores-y-camaras-ip\/\">Curso NVR y Camaras IP | curso de camaras de seguridad<\/a><\/li>\n<li>M\u00f3dulo 3: <a href=\"http:\/\/bits.com.ec\/bits\/modulo-3-trasmision-a-largo-alcance-en-cctv\/\">Trasmisi\u00f3n a largo alcance en CCTV | curso de camaras de seguridad<\/a><\/li>\n<\/ul>\n<\/li>\n<\/ul>\n<h2><span style=\"color: #0000ff;\">\u00bfProyecto desarrollados en el 2.017?<\/span><\/h2>\n<p>Les comparto sobre algunos de los proyectos realizado por bits cia ltda en el trascurso del a\u00f1o 2017.<\/p>\n<h3>Colegio:<\/h3>\n<ul>\n<li>Unidad Educativa cardenal Bernardino Echeverria (12 camaras HD, 2 IP)<\/li>\n<\/ul>\n<h3>Ciudadela:<\/h3>\n<ul>\n<li>Altamar 1 &#8211; Playas Villamil (6 c\u00e1maras IP)<\/li>\n<\/ul>\n<h3>Empresas Grandes<\/h3>\n<ul>\n<li>Soyoda (23 c\u00e1maras IP)<\/li>\n<\/ul>\n<h3>Estaciones de Gasolinera:<\/h3>\n<ul>\n<li>PDV (25 c\u00e1maras IP)<\/li>\n<\/ul>\n<h3>Gobierno:<\/h3>\n<ul>\n<li>Federaci\u00f3n deportiva del Guayas\n<ul>\n<li>Matriz<\/li>\n<li>4 mosqueteros<\/li>\n<\/ul>\n<\/li>\n<\/ul>\n<p>Mas proyectos de <a href=\"http:\/\/bits.com.ec\/bits\/clientes\/\">bits cia ltda<\/a><\/p>\n<h2><span style=\"color: #0000ff;\">\u00bfGarant\u00eda y servicio postventa?<\/span><\/h2>\n<p>Nuestra garant\u00eda ( Bits Cia Ltda), es por un per\u00edodo de 12 meses, si alg\u00fan equipo tiene defectos lo cambiamos inmediatamente, nuestro servicio postventa es visitarlo sin costo por 3 veces mientras este vigente la garant\u00eda.<\/p>\n<p>&nbsp;<\/p>\n<p><em>Bits Cia Ltda <\/em> &#8211; Guayaquil<\/p>\n<p><a href=\"http:\/\/bits.com.ec\/bits\/wp-content\/uploads\/2016\/11\/bits-cia-ltda.jpg\"><img loading=\"lazy\" decoding=\"async\" class=\"aligncenter size-medium wp-image-3162\" src=\"http:\/\/bits.com.ec\/bits\/wp-content\/uploads\/2016\/11\/bits-cia-ltda-300x225.jpg\" alt=\"Bits-Cia-Ltda\" width=\"300\" height=\"225\" srcset=\"https:\/\/bits.com.ec\/bits\/wp-content\/uploads\/2016\/11\/bits-cia-ltda-300x225.jpg 300w, https:\/\/bits.com.ec\/bits\/wp-content\/uploads\/2016\/11\/bits-cia-ltda.jpg 500w\" sizes=\"(max-width: 300px) 100vw, 300px\" \/><\/a><\/p>\n<p>&nbsp;<\/p>\n<h2><span style=\"color: #ff0000;\"><strong>Gracias por contactarnos &#8211; llena el formulario:<\/strong><\/span><\/h2>\n<div role=\"form\" class=\"wpcf7\" id=\"wpcf7-f3344-o1\" lang=\"en-US\" dir=\"ltr\">\n<div class=\"screen-reader-response\"><\/div>\n<form action=\"\/bits\/wp-json\/wp\/v2\/pages\/2#wpcf7-f3344-o1\" method=\"post\" class=\"wpcf7-form\" novalidate=\"novalidate\">\n<div style=\"display: none;\">\n<input type=\"hidden\" name=\"_wpcf7\" value=\"3344\" \/>\n<input type=\"hidden\" name=\"_wpcf7_version\" value=\"4.7\" \/>\n<input type=\"hidden\" name=\"_wpcf7_locale\" value=\"en_US\" \/>\n<input type=\"hidden\" name=\"_wpcf7_unit_tag\" value=\"wpcf7-f3344-o1\" \/>\n<input type=\"hidden\" name=\"_wpnonce\" value=\"ef1842e7db\" \/>\n<\/div>\n<p>Su nombre: (requerido)<br \/>\n    <span class=\"wpcf7-form-control-wrap your-name\"><input type=\"text\" name=\"your-name\" value=\"\" size=\"40\" class=\"wpcf7-form-control wpcf7-text wpcf7-validates-as-required\" aria-required=\"true\" aria-invalid=\"false\" \/><\/span> <\/p>\n<p>Su email: (requerido)<br \/>\n    <span class=\"wpcf7-form-control-wrap your-email\"><input type=\"email\" name=\"your-email\" value=\"\" size=\"40\" class=\"wpcf7-form-control wpcf7-text wpcf7-email wpcf7-validates-as-required wpcf7-validates-as-email\" aria-required=\"true\" aria-invalid=\"false\" \/><\/span> <\/p>\n<p>Su ciudad: (requerido)<br \/>\n   <span class=\"wpcf7-form-control-wrap ciudad\"><input type=\"text\" name=\"ciudad\" value=\"\" size=\"40\" class=\"wpcf7-form-control wpcf7-text wpcf7-validates-as-required\" aria-required=\"true\" aria-invalid=\"false\" \/><\/span> <\/p>\n<p>Su Telefono: (requerido)<br \/>\n    <span class=\"wpcf7-form-control-wrap Telefono\"><input type=\"text\" name=\"Telefono\" value=\"\" size=\"40\" class=\"wpcf7-form-control wpcf7-text wpcf7-validates-as-required\" aria-required=\"true\" aria-invalid=\"false\" \/><\/span> <\/p>\n<p>Su Mensaje<br \/>\n    <span class=\"wpcf7-form-control-wrap your-message\"><textarea name=\"your-message\" cols=\"40\" rows=\"10\" class=\"wpcf7-form-control wpcf7-textarea\" aria-invalid=\"false\"><\/textarea><\/span> <\/p>\n<p><input type=\"submit\" value=\"Send\" class=\"wpcf7-form-control wpcf7-submit\" \/><\/p>\n<p style=\"display: none !important;\"><label>&#916;<textarea name=\"_wpcf7_ak_hp_textarea\" cols=\"45\" rows=\"8\" maxlength=\"100\"><\/textarea><\/label><input type=\"hidden\" id=\"ak_js_1\" name=\"_wpcf7_ak_js\" value=\"88\"\/><script>document.getElementById( \"ak_js_1\" ).setAttribute( \"value\", ( new Date() ).getTime() );<\/script><\/p><div class=\"wpcf7-response-output wpcf7-display-none\"><\/div><\/form><\/div>\n<p>&nbsp;<\/p>\n","protected":false},"excerpt":{"rendered":"<p>\u00bfQuienes somos? Bits Cia Ltda, es una empresa Ecuatoriana fundada en 1.998, por dos estudiantes universitarios, Hector y Kelly, al inicio Bits Cia Ltda, se dedic\u00f3 al campo inform\u00e1tico, como fue reparaci\u00f3n de computadoras, laptops, impresoras, recarga de cartuchos y toner de tinta, en los \u00faltimos cuatro a\u00f1os nos hemos dedicado a la v\u00eddeo vigilancia, &hellip; <\/p>\n<p><a class=\"more-link block-button\" href=\"https:\/\/bits.com.ec\/bits\/quienes-somos\/\">Continuar leyendo &raquo;<\/a><\/p>\n","protected":false},"author":1,"featured_media":0,"parent":0,"menu_order":0,"comment_status":"open","ping_status":"open","template":"","meta":{"footnotes":""},"_links":{"self":[{"href":"https:\/\/bits.com.ec\/bits\/wp-json\/wp\/v2\/pages\/2"}],"collection":[{"href":"https:\/\/bits.com.ec\/bits\/wp-json\/wp\/v2\/pages"}],"about":[{"href":"https:\/\/bits.com.ec\/bits\/wp-json\/wp\/v2\/types\/page"}],"author":[{"embeddable":true,"href":"https:\/\/bits.com.ec\/bits\/wp-json\/wp\/v2\/users\/1"}],"replies":[{"embeddable":true,"href":"https:\/\/bits.com.ec\/bits\/wp-json\/wp\/v2\/comments?post=2"}],"version-history":[{"count":32,"href":"https:\/\/bits.com.ec\/bits\/wp-json\/wp\/v2\/pages\/2\/revisions"}],"predecessor-version":[{"id":4089,"href":"https:\/\/bits.com.ec\/bits\/wp-json\/wp\/v2\/pages\/2\/revisions\/4089"}],"wp:attachment":[{"href":"https:\/\/bits.com.ec\/bits\/wp-json\/wp\/v2\/media?parent=2"}],"curies":[{"name":"wp","href":"https:\/\/api.w.org\/{rel}","templated":true}]}}