{"id":3670,"date":"2018-01-06T01:47:30","date_gmt":"2018-01-05T20:47:30","guid":{"rendered":"http:\/\/bits.com.ec\/bits\/?page_id=3670"},"modified":"2018-01-06T02:01:56","modified_gmt":"2018-01-05T21:01:56","slug":"tu-publicidad-aqui","status":"publish","type":"page","link":"https:\/\/bits.com.ec\/bits\/tu-publicidad-aqui\/","title":{"rendered":"TU PUBLICIDAD AQUI"},"content":{"rendered":"<p><span style=\"color: #0000ff; font-size: 14pt;\"><strong>\u00bfEst\u00e1s interesado en anunciar tu producto o servicio en este sitio?<\/strong><\/span><\/p>\n<h4>Primeramente muchas gracias por tu inter\u00e9s de impulsar tu negocio con nosotros, este sitio tiene un promedio mensual de 5000 visitas, es decir son 5000\u00a0clientes potenciales que ver\u00e1n tu anuncio cada mes y 60000 clientes potenciales en 1 a\u00f1o.<\/h4>\n<h4>Tienes la posibilidad de publicar tu anuncio de manera mensual, trimestral, semestral o anual.<\/h4>\n<h4>A mayor tiempo de publicaci\u00f3n del anuncio el precio es menor.<\/h4>\n<h4>Solo tienes que enviarnos tu archivo *.jpg y nosotros lo enlazamos a tu p\u00e1gina web.<\/h4>\n<h4>Y si no tienes p\u00e1gina web te podemos crear una p\u00e1gina de aterrizaje\u00a0<strong>AQU\u00cd<\/strong>\u00a0en nuestro sitio por un m\u00ednimo costo.<\/h4>\n<h4>Si deseas m\u00e1s informaci\u00f3n sobre los precios por favor d\u00e9janos tus datos y te responderemos enseguida.<\/h4>\n<h4>Cordialmente,<\/h4>\n<h4>Ing. Kelly Guill\u00e9n Ram\u00edrez<\/h4>\n<h4>Tel\u00e9fono: 0990955648 &#8211; (593) 4 5101217<\/h4>\n<h4>Email: publicidad@bits.com.ec<\/h4>\n","protected":false},"excerpt":{"rendered":"<p>\u00bfEst\u00e1s interesado en anunciar tu producto o servicio en este sitio? Primeramente muchas gracias por tu inter\u00e9s de impulsar tu negocio con nosotros, este sitio tiene un promedio mensual de 5000 visitas, es decir son 5000\u00a0clientes potenciales que ver\u00e1n tu anuncio cada mes y 60000 clientes potenciales en 1 a\u00f1o. Tienes la posibilidad de publicar &hellip; <\/p>\n<p><a class=\"more-link block-button\" href=\"https:\/\/bits.com.ec\/bits\/tu-publicidad-aqui\/\">Continuar leyendo &raquo;<\/a><\/p>\n","protected":false},"author":1,"featured_media":0,"parent":0,"menu_order":0,"comment_status":"closed","ping_status":"closed","template":"","meta":{"footnotes":""},"_links":{"self":[{"href":"https:\/\/bits.com.ec\/bits\/wp-json\/wp\/v2\/pages\/3670"}],"collection":[{"href":"https:\/\/bits.com.ec\/bits\/wp-json\/wp\/v2\/pages"}],"about":[{"href":"https:\/\/bits.com.ec\/bits\/wp-json\/wp\/v2\/types\/page"}],"author":[{"embeddable":true,"href":"https:\/\/bits.com.ec\/bits\/wp-json\/wp\/v2\/users\/1"}],"replies":[{"embeddable":true,"href":"https:\/\/bits.com.ec\/bits\/wp-json\/wp\/v2\/comments?post=3670"}],"version-history":[{"count":3,"href":"https:\/\/bits.com.ec\/bits\/wp-json\/wp\/v2\/pages\/3670\/revisions"}],"predecessor-version":[{"id":3673,"href":"https:\/\/bits.com.ec\/bits\/wp-json\/wp\/v2\/pages\/3670\/revisions\/3673"}],"wp:attachment":[{"href":"https:\/\/bits.com.ec\/bits\/wp-json\/wp\/v2\/media?parent=3670"}],"curies":[{"name":"wp","href":"https:\/\/api.w.org\/{rel}","templated":true}]}}