{"id":3945,"date":"2019-09-17T00:57:17","date_gmt":"2019-09-16T19:57:17","guid":{"rendered":"http:\/\/bits.com.ec\/bits\/?page_id=3945"},"modified":"2022-09-10T11:35:03","modified_gmt":"2022-09-10T06:35:03","slug":"asesoria-online-y-presencial","status":"publish","type":"page","link":"https:\/\/bits.com.ec\/bits\/asesoria-online-y-presencial\/","title":{"rendered":"Asesoria Online y Presencial"},"content":{"rendered":"<h4 style=\"text-align: justify;\">Nos alegra que est\u00e9s aqu\u00ed, por medio de este sitio te puedes poner en contacto con nosotros para agendar tu cita online o presencial con un<span style=\"color: #0000ff;\"> <a style=\"color: #0000ff;\" href=\"http:\/\/bits.com.ec\/bits\/hector-rivadeneira-vargas\/\" target=\"_blank\" rel=\"noopener noreferrer\"><span style=\"text-decoration: underline;\"><strong>ESPECIALISTA<\/strong><\/span><\/a><\/span> que podr\u00e1 responder todas tus preguntas con respecto a sistemas de CCTV.<\/h4>\n<h4 style=\"text-align: justify;\">La ventaja de recibir una asesor\u00eda personalizada es que no tienes que pagar por un curso completo en el que est\u00e1s obligado a recibir informaci\u00f3n que seguramente ya conoces y esperar hasta que se trate el tema espec\u00edfico que tu necesitas saber.<\/h4>\n<h4>Todos sabemos que el recurso m\u00e1s valioso que tenemos es nuestro tiempo, ya que este no se recupera, as\u00ed que te invitamos a que aproveches esta oportunidad para ganar tiempo y resolver tus dudas de la forma m\u00e1s r\u00e1pida, segura y eficiente.<\/h4>\n<h4>Nuestras asesor\u00edas pueden ser en dos modalidades:<\/h4>\n<p>&nbsp;<\/p>\n<table style=\"height: 561px;\" width=\"616\">\n<tbody>\n<tr>\n<td style=\"text-align: center;\">\n<h1><strong><span style=\"color: #333399;\">ONLINE<\/span><\/strong><\/h1>\n<h1><strong style=\"color: #ff0000;\">desde $40\/hora<\/strong><\/h1>\n<h2><strong>1 hora de asesor\u00eda online<\/strong><\/h2>\n<h2><strong>Por medio de videollamada (Whatsapp)<\/strong><\/h2>\n<h2><strong>Pago con dep\u00f3sito por adelantado<\/strong><\/h2>\n<h2><strong>Western Union o Paypal<\/strong><\/h2>\n<h2><strong>Puedes agendar con un m\u00ednimo de 48 horas<\/strong><\/h2>\n<\/td>\n<td style=\"text-align: center;\">\n<h1><strong><span style=\"color: #333399;\">PRESENCIAL<\/span><\/strong><\/h1>\n<h3>(Guayaquil)<\/h3>\n<h1><strong><span style=\"color: #ff0000;\">desde $40\/hora<\/span><\/strong><\/h1>\n<h2><strong>1 hora de asesor\u00eda presencial<\/strong><\/h2>\n<h2><strong>Pago con dep\u00f3sito por adelantado<\/strong><\/h2>\n<h2><strong>Western Union o Paypal<\/strong><\/h2>\n<h2><strong>Puedes agendar con un m\u00ednimo de 48 horas<\/strong><\/h2>\n<p>&nbsp;<\/p>\n<p>&nbsp;<\/p>\n<p>&nbsp;<\/td>\n<\/tr>\n<\/tbody>\n<\/table>\n<p>&nbsp;<\/p>\n<h4><strong><span style=\"color: #ff0000;\">Si deseas agendar tu cita para asesor\u00eda por favor deja tus datos aqu\u00ed y nos pondremos en contacto contigo para coordinar el pago y la cita.<\/span><\/strong><\/h4>\n<div role=\"form\" class=\"wpcf7\" id=\"wpcf7-f3952-o1\" lang=\"en-US\" dir=\"ltr\">\n<div class=\"screen-reader-response\"><\/div>\n<form action=\"\/bits\/wp-json\/wp\/v2\/pages\/3945#wpcf7-f3952-o1\" method=\"post\" class=\"wpcf7-form\" novalidate=\"novalidate\">\n<div style=\"display: none;\">\n<input type=\"hidden\" name=\"_wpcf7\" value=\"3952\" \/>\n<input type=\"hidden\" name=\"_wpcf7_version\" value=\"4.7\" \/>\n<input type=\"hidden\" name=\"_wpcf7_locale\" value=\"en_US\" \/>\n<input type=\"hidden\" name=\"_wpcf7_unit_tag\" value=\"wpcf7-f3952-o1\" \/>\n<input type=\"hidden\" name=\"_wpnonce\" value=\"123ed93dc6\" \/>\n<\/div>\n<p>Tu nombre: (requerido)<br \/>\n    <span class=\"wpcf7-form-control-wrap your-name\"><input type=\"text\" name=\"your-name\" value=\"\" size=\"40\" class=\"wpcf7-form-control wpcf7-text wpcf7-validates-as-required\" aria-required=\"true\" aria-invalid=\"false\" \/><\/span> <\/p>\n<p>Tu email: (requerido)<br \/>\n    <span class=\"wpcf7-form-control-wrap your-email\"><input type=\"email\" name=\"your-email\" value=\"\" size=\"40\" class=\"wpcf7-form-control wpcf7-text wpcf7-email wpcf7-validates-as-required wpcf7-validates-as-email\" aria-required=\"true\" aria-invalid=\"false\" \/><\/span> <\/p>\n<p>Ciudad: (requerido)<br \/>\n   <span class=\"wpcf7-form-control-wrap ciudad\"><input type=\"text\" name=\"ciudad\" value=\"\" size=\"40\" class=\"wpcf7-form-control wpcf7-text wpcf7-validates-as-required\" aria-required=\"true\" aria-invalid=\"false\" \/><\/span> <\/p>\n<p>Tu Whatsapp: (requerido)<br \/>\n    <span class=\"wpcf7-form-control-wrap Whatsapp\"><input type=\"text\" name=\"Whatsapp\" value=\"\" size=\"40\" class=\"wpcf7-form-control wpcf7-text wpcf7-validates-as-required\" aria-required=\"true\" aria-invalid=\"false\" \/><\/span> <\/p>\n<p>Asunto<br \/>\n    <span class=\"wpcf7-form-control-wrap your-subject\"><input type=\"text\" name=\"your-subject\" value=\"\" size=\"40\" class=\"wpcf7-form-control wpcf7-text\" aria-invalid=\"false\" \/><\/span> <\/p>\n<p>En qu\u00e9 podemos ayudarte<br \/>\n    <span class=\"wpcf7-form-control-wrap your-message\"><textarea name=\"your-message\" cols=\"40\" rows=\"10\" class=\"wpcf7-form-control wpcf7-textarea\" aria-invalid=\"false\"><\/textarea><\/span> <\/p>\n<p><input type=\"submit\" value=\"Send\" class=\"wpcf7-form-control wpcf7-submit\" \/><\/p>\n<p style=\"display: none !important;\"><label>&#916;<textarea name=\"_wpcf7_ak_hp_textarea\" cols=\"45\" rows=\"8\" maxlength=\"100\"><\/textarea><\/label><input type=\"hidden\" id=\"ak_js_1\" name=\"_wpcf7_ak_js\" value=\"8\"\/><script>document.getElementById( \"ak_js_1\" ).setAttribute( \"value\", ( new Date() ).getTime() );<\/script><\/p><div class=\"wpcf7-response-output wpcf7-display-none\"><\/div><\/form><\/div>\n","protected":false},"excerpt":{"rendered":"<p>Nos alegra que est\u00e9s aqu\u00ed, por medio de este sitio te puedes poner en contacto con nosotros para agendar tu cita online o presencial con un ESPECIALISTA que podr\u00e1 responder todas tus preguntas con respecto a sistemas de CCTV. La ventaja de recibir una asesor\u00eda personalizada es que no tienes que pagar por un curso &hellip; <\/p>\n<p><a class=\"more-link block-button\" href=\"https:\/\/bits.com.ec\/bits\/asesoria-online-y-presencial\/\">Continuar leyendo &raquo;<\/a><\/p>\n","protected":false},"author":1,"featured_media":0,"parent":0,"menu_order":0,"comment_status":"closed","ping_status":"closed","template":"","meta":{"footnotes":""},"_links":{"self":[{"href":"https:\/\/bits.com.ec\/bits\/wp-json\/wp\/v2\/pages\/3945"}],"collection":[{"href":"https:\/\/bits.com.ec\/bits\/wp-json\/wp\/v2\/pages"}],"about":[{"href":"https:\/\/bits.com.ec\/bits\/wp-json\/wp\/v2\/types\/page"}],"author":[{"embeddable":true,"href":"https:\/\/bits.com.ec\/bits\/wp-json\/wp\/v2\/users\/1"}],"replies":[{"embeddable":true,"href":"https:\/\/bits.com.ec\/bits\/wp-json\/wp\/v2\/comments?post=3945"}],"version-history":[{"count":16,"href":"https:\/\/bits.com.ec\/bits\/wp-json\/wp\/v2\/pages\/3945\/revisions"}],"predecessor-version":[{"id":4308,"href":"https:\/\/bits.com.ec\/bits\/wp-json\/wp\/v2\/pages\/3945\/revisions\/4308"}],"wp:attachment":[{"href":"https:\/\/bits.com.ec\/bits\/wp-json\/wp\/v2\/media?parent=3945"}],"curies":[{"name":"wp","href":"https:\/\/api.w.org\/{rel}","templated":true}]}}