{"id":4037,"date":"2019-11-07T19:23:24","date_gmt":"2019-11-07T14:23:24","guid":{"rendered":"http:\/\/bits.com.ec\/bits\/?page_id=4037"},"modified":"2024-11-09T22:13:02","modified_gmt":"2024-11-09T17:13:02","slug":"instalacion-de-camaras-de-seguridad","status":"publish","type":"page","link":"https:\/\/bits.com.ec\/bits\/","title":{"rendered":"Instalaci\u00f3n de c\u00e1maras de seguridad &#8211; Bits Seguridad Cia. Ltda."},"content":{"rendered":"<h1 style=\"text-align: justify;\"><b><i>Instalaci\u00f3n<\/i><\/b><em><b>\u00a0de c\u00e1maras de seguridad\u00a0<\/b><\/em><\/h1>\n<p><img loading=\"lazy\" decoding=\"async\" class=\"aligncenter wp-image-4040 size-large\" title=\"instalacion de camaras de seguridad\" src=\"http:\/\/bits.com.ec\/bits\/wp-content\/uploads\/2019\/11\/113775969_m-1024x683.jpg\" alt=\"instalacion de camaras de seguridad\" width=\"1024\" height=\"683\" srcset=\"https:\/\/bits.com.ec\/bits\/wp-content\/uploads\/2019\/11\/113775969_m-1024x683.jpg 1024w, https:\/\/bits.com.ec\/bits\/wp-content\/uploads\/2019\/11\/113775969_m-300x200.jpg 300w, https:\/\/bits.com.ec\/bits\/wp-content\/uploads\/2019\/11\/113775969_m-768x512.jpg 768w\" sizes=\"(max-width: 1024px) 100vw, 1024px\" \/><\/p>\n<p><span style=\"color: #993366;\"><span style=\"text-decoration: underline;\">instalacion de camaras de seguridad<\/span> vigile y controle a trav\u00e9s del celular desde cualquier lugar del mundo<\/span><\/p>\n<h2 style=\"text-align: justify;\">\u00bfNecesita una\u00a0<span style=\"text-decoration: underline;\"><u><b>instalaci\u00f3n\u00a0de c\u00e1maras\u00a0de seguridad<\/b><\/u><\/span> en su empresa, industria, local comercial o casa?<\/h2>\n<h1 style=\"text-align: center;\">Le damos la bienvenida a <span style=\"color: #333399;\"><strong>BITS SEGURIDAD Cia. Ltda.<\/strong><\/span><\/h1>\n<h1 style=\"text-align: center;\">Usted se encuentra en el lugar indicado ya que somos especialistas en instalaci\u00f3n de c\u00e1maras de seguridad.<\/h1>\n<h1 style=\"text-align: center;\">Escr\u00edbanos al 0990955044\u00a0 (Ing. H\u00e9ctor Rivadeneira)<\/h1>\n<h1 style=\"text-align: center;\">para coordinar una visita t\u00e9cnica<\/h1>\n<h1 style=\"text-align: center;\">Estamos ubicados en la ciudad de Guayaquil<\/h1>\n<h3 style=\"text-align: justify;\">Si nos contacta lo primero que recibir\u00e1 es nuestra asesor\u00eda para que su proyecto resulte exitoso y se cumplan sus objetivos de implementar m\u00e1s seguridad en los lugares de mayor importancia para usted.<\/h3>\n<h3 style=\"text-align: justify;\">Nuestra experiencia es su mejor garant\u00eda ya que llevamos m\u00e1s de 10 a\u00f1os en el mercado de la\u00a0<b>instalaci\u00f3n de c\u00e1maras de seguridad<\/b> y contamos con un amplio portafolio de <a href=\"http:\/\/bits.com.ec\/bits\/clientes\/\" target=\"_blank\" rel=\"noopener noreferrer\">clientes satisfechos<\/a><\/h3>\n<div style=\"width: 304px;\" class=\"wp-video\"><!--[if lt IE 9]><script>document.createElement('video');<\/script><![endif]-->\n<video class=\"wp-video-shortcode\" id=\"video-4037-1\" width=\"304\" height=\"640\" preload=\"metadata\" controls=\"controls\"><source type=\"video\/mp4\" src=\"http:\/\/bits.com.ec\/bits\/wp-content\/uploads\/2020\/01\/Video_20200115152401124_by_videoshow.mp4?_=1\" \/><a href=\"http:\/\/bits.com.ec\/bits\/wp-content\/uploads\/2020\/01\/Video_20200115152401124_by_videoshow.mp4\">http:\/\/bits.com.ec\/bits\/wp-content\/uploads\/2020\/01\/Video_20200115152401124_by_videoshow.mp4<\/a><\/video><\/div>\n<h4><span style=\"color: #3366ff;\"><strong>CLICK EN EL VIDEO PARA VER DEMOSTRACION <\/strong><\/span><\/h4>\n<h4><span style=\"color: #3366ff;\"><strong>DE\u00a0<\/strong><\/span><span style=\"color: #3366ff;\"><strong>CAMARAS IP DE 2 MEGAPIXELES<\/strong><\/span><\/h4>\n<h1 style=\"text-align: center;\"><span style=\"color: #ff0000;\"><strong>G A R A N T I A<\/strong><\/span><\/h1>\n<h2 style=\"text-align: justify;\"><strong>BITS SEGURIDAD CIA. LTDA.<\/strong> respalda los productos con una <strong>garant\u00eda de 2 a\u00f1os <\/strong>a partir de la fecha de compra que cubre defectos de fabricaci\u00f3n mediante la reparaci\u00f3n o en su caso la sustituci\u00f3n del producto.<\/h2>\n<h2 style=\"text-align: justify;\">Ofrecemos nuestro respaldo y compromiso de mantener una relaci\u00f3n de mutuo beneficio con nuestros clientes ya que nuestro objetivo es su completa y perdurable satisfacci\u00f3n.<\/h2>\n<p>&nbsp;<\/p>\n<p><img loading=\"lazy\" decoding=\"async\" class=\"aligncenter wp-image-4039 size-large\" title=\"instalacion de camaras de seguridad\" src=\"http:\/\/bits.com.ec\/bits\/wp-content\/uploads\/2019\/11\/27108215_m-1024x681.jpg\" alt=\"instalacion de camaras de seguridad\" width=\"1024\" height=\"681\" srcset=\"https:\/\/bits.com.ec\/bits\/wp-content\/uploads\/2019\/11\/27108215_m-1024x681.jpg 1024w, https:\/\/bits.com.ec\/bits\/wp-content\/uploads\/2019\/11\/27108215_m-300x200.jpg 300w, https:\/\/bits.com.ec\/bits\/wp-content\/uploads\/2019\/11\/27108215_m-768x511.jpg 768w\" sizes=\"(max-width: 1024px) 100vw, 1024px\" \/><\/p>\n<p><span style=\"color: #993366;\"><span style=\"color: #993366;\"><i>instalaci\u00f3n<\/i><\/span><em><span style=\"color: #993366;\">\u00a0de c\u00e1maras\u00a0de seguridad <\/span><\/em><span style=\"color: #993366;\">en industrias, bodegas, f\u00e1bricas, empresas, oficinas, locales de todo tipo.<\/span><\/span><\/p>\n<p><img loading=\"lazy\" decoding=\"async\" class=\"aligncenter wp-image-4041 size-large\" title=\"instalacion de camaras de seguridad\" src=\"http:\/\/bits.com.ec\/bits\/wp-content\/uploads\/2019\/11\/121592088_m-1-1024x768.jpg\" alt=\"instalacion de camaras de seguridad\" width=\"1024\" height=\"768\" srcset=\"https:\/\/bits.com.ec\/bits\/wp-content\/uploads\/2019\/11\/121592088_m-1-1024x768.jpg 1024w, https:\/\/bits.com.ec\/bits\/wp-content\/uploads\/2019\/11\/121592088_m-1-300x225.jpg 300w, https:\/\/bits.com.ec\/bits\/wp-content\/uploads\/2019\/11\/121592088_m-1-768x576.jpg 768w\" sizes=\"(max-width: 1024px) 100vw, 1024px\" \/><\/p>\n<p><span style=\"color: #993366;\"><span style=\"text-decoration: underline;\">instalaci\u00f3n de c\u00e1maras de seguridad<\/span> en casas, urbanizaciones, escuelas, etc.<\/span><\/p>\n<h1 style=\"text-align: center;\"><strong>Marcas con las que trabajamos<\/strong><\/h1>\n<table class=\" aligncenter\" style=\"height: 61px;\" width=\"276\">\n<tbody>\n<tr>\n<td style=\"text-align: center;\"><img loading=\"lazy\" decoding=\"async\" class=\"wp-image-4072\" src=\"http:\/\/bits.com.ec\/bits\/wp-content\/uploads\/2019\/11\/Dahua-Logo-PNG-1024x357.png\" alt=\"\" width=\"100\" height=\"35\" srcset=\"https:\/\/bits.com.ec\/bits\/wp-content\/uploads\/2019\/11\/Dahua-Logo-PNG-1024x357.png 1024w, https:\/\/bits.com.ec\/bits\/wp-content\/uploads\/2019\/11\/Dahua-Logo-PNG-300x105.png 300w, https:\/\/bits.com.ec\/bits\/wp-content\/uploads\/2019\/11\/Dahua-Logo-PNG-768x268.png 768w, https:\/\/bits.com.ec\/bits\/wp-content\/uploads\/2019\/11\/Dahua-Logo-PNG.png 1701w\" sizes=\"(max-width: 100px) 100vw, 100px\" \/><\/td>\n<td style=\"text-align: center;\"><img loading=\"lazy\" decoding=\"async\" class=\"wp-image-4073 alignnone\" src=\"http:\/\/bits.com.ec\/bits\/wp-content\/uploads\/2019\/11\/Hikvision_logo_shadow-1024x205.png\" alt=\"\" width=\"115\" height=\"23\" srcset=\"https:\/\/bits.com.ec\/bits\/wp-content\/uploads\/2019\/11\/Hikvision_logo_shadow-1024x205.png 1024w, https:\/\/bits.com.ec\/bits\/wp-content\/uploads\/2019\/11\/Hikvision_logo_shadow-300x60.png 300w, https:\/\/bits.com.ec\/bits\/wp-content\/uploads\/2019\/11\/Hikvision_logo_shadow-768x154.png 768w, https:\/\/bits.com.ec\/bits\/wp-content\/uploads\/2019\/11\/Hikvision_logo_shadow-960x198.png 960w\" sizes=\"(max-width: 115px) 100vw, 115px\" \/><\/td>\n<\/tr>\n<\/tbody>\n<\/table>\n<h1><span style=\"color: #ff0000;\"><b>Ventajas de la\u00a0<\/b><b><u>instalaci\u00f3n de camaras de seguridad<\/u><\/b><\/span><\/h1>\n<ul>\n<li>\n<h2>Prevenci\u00f3n de robos, ya que la presencia de c\u00e1maras de seguridad intimida a los amigos de lo ajeno e incrementa el respeto por sus instalaciones.<\/h2>\n<\/li>\n<li>\n<h2>Las c\u00e1maras de seguridad funcionan como una herramienta para controlar y gestionar la seguridad del hogar y\/o trabajo.<\/h2>\n<\/li>\n<li>\n<h2>Tener un sistema de c\u00e1maras de seguridad permite contar con pruebas en video en caso de un robo .<\/h2>\n<\/li>\n<li>\n<h2>La <span style=\"text-decoration: underline;\">instalaci\u00f3n de c\u00e1maras de seguridad<\/span> ayuda a tener la tranquilidad de tener vigilados incluso lugares en los que es dif\u00edcil estar f\u00edsicamente.<\/h2>\n<\/li>\n<\/ul>\n<p>&nbsp;<\/p>\n<h2 style=\"text-align: justify;\"><span style=\"color: #993366;\"><span style=\"color: #993366;\"><b>Llene el Formulario de Contacto y le responderemos enseguida para coordinar una visita t\u00e9cnica sin costo y cotizar su instalaci\u00f3n\u00a0de c\u00e1maras de seguridad.<\/b><\/span><\/span><\/h2>\n<p style=\"text-align: left;\"><div role=\"form\" class=\"wpcf7\" id=\"wpcf7-f215-o1\" lang=\"en-US\" dir=\"ltr\">\n<div class=\"screen-reader-response\"><\/div>\n<form action=\"\/bits\/wp-json\/wp\/v2\/pages\/4037#wpcf7-f215-o1\" method=\"post\" class=\"wpcf7-form\" novalidate=\"novalidate\">\n<div style=\"display: none;\">\n<input type=\"hidden\" name=\"_wpcf7\" value=\"215\" \/>\n<input type=\"hidden\" name=\"_wpcf7_version\" value=\"4.7\" \/>\n<input type=\"hidden\" name=\"_wpcf7_locale\" value=\"en_US\" \/>\n<input type=\"hidden\" name=\"_wpcf7_unit_tag\" value=\"wpcf7-f215-o1\" \/>\n<input type=\"hidden\" name=\"_wpnonce\" value=\"8b438bdc12\" \/>\n<\/div>\n<p>Su nombre: (requerido)<br \/>\n    <span class=\"wpcf7-form-control-wrap your-name\"><input type=\"text\" name=\"your-name\" value=\"\" size=\"40\" class=\"wpcf7-form-control wpcf7-text wpcf7-validates-as-required\" aria-required=\"true\" aria-invalid=\"false\" \/><\/span> <\/p>\n<p>Su email: (requerido)<br \/>\n    <span class=\"wpcf7-form-control-wrap your-email\"><input type=\"email\" name=\"your-email\" value=\"\" size=\"40\" class=\"wpcf7-form-control wpcf7-text wpcf7-email wpcf7-validates-as-required wpcf7-validates-as-email\" aria-required=\"true\" aria-invalid=\"false\" \/><\/span> <\/p>\n<p>Su ciudad: (requerido)<br \/>\n   <span class=\"wpcf7-form-control-wrap ciudad\"><input type=\"text\" name=\"ciudad\" value=\"\" size=\"40\" class=\"wpcf7-form-control wpcf7-text wpcf7-validates-as-required\" aria-required=\"true\" aria-invalid=\"false\" \/><\/span> <\/p>\n<p>Su Telefono: (requerido)<br \/>\n    <span class=\"wpcf7-form-control-wrap Telefono\"><input type=\"text\" name=\"Telefono\" value=\"\" size=\"40\" class=\"wpcf7-form-control wpcf7-text wpcf7-validates-as-required\" aria-required=\"true\" aria-invalid=\"false\" \/><\/span> <\/p>\n<p>Asunto<br \/>\n    <span class=\"wpcf7-form-control-wrap your-subject\"><input type=\"text\" name=\"your-subject\" value=\"\" size=\"40\" class=\"wpcf7-form-control wpcf7-text\" aria-invalid=\"false\" \/><\/span> <\/p>\n<p>Su Mensaje<br \/>\n    <span class=\"wpcf7-form-control-wrap your-message\"><textarea name=\"your-message\" cols=\"40\" rows=\"10\" class=\"wpcf7-form-control wpcf7-textarea\" aria-invalid=\"false\"><\/textarea><\/span> <\/p>\n<p><input type=\"submit\" value=\"Send\" class=\"wpcf7-form-control wpcf7-submit\" \/><\/p>\n<p style=\"display: none !important;\"><label>&#916;<textarea name=\"_wpcf7_ak_hp_textarea\" cols=\"45\" rows=\"8\" maxlength=\"100\"><\/textarea><\/label><input type=\"hidden\" id=\"ak_js_1\" name=\"_wpcf7_ak_js\" value=\"122\"\/><script>document.getElementById( \"ak_js_1\" ).setAttribute( \"value\", ( new Date() ).getTime() );<\/script><\/p><div class=\"wpcf7-response-output wpcf7-display-none\"><\/div><\/form><\/div><\/p>\n<h4 style=\"text-align: center;\"><\/h4>\n","protected":false},"excerpt":{"rendered":"<p>Instalaci\u00f3n\u00a0de c\u00e1maras de seguridad\u00a0 instalacion de camaras de seguridad vigile y controle a trav\u00e9s del celular desde cualquier lugar del mundo \u00bfNecesita una\u00a0instalaci\u00f3n\u00a0de c\u00e1maras\u00a0de seguridad en su empresa, industria, local comercial o casa? Le damos la bienvenida a BITS SEGURIDAD Cia. Ltda. Usted se encuentra en el lugar indicado ya que somos especialistas en instalaci\u00f3n &hellip; <\/p>\n<p><a class=\"more-link block-button\" href=\"https:\/\/bits.com.ec\/bits\/\">Continuar leyendo &raquo;<\/a><\/p>\n","protected":false},"author":1,"featured_media":4040,"parent":0,"menu_order":0,"comment_status":"closed","ping_status":"closed","template":"","meta":{"footnotes":""},"_links":{"self":[{"href":"https:\/\/bits.com.ec\/bits\/wp-json\/wp\/v2\/pages\/4037"}],"collection":[{"href":"https:\/\/bits.com.ec\/bits\/wp-json\/wp\/v2\/pages"}],"about":[{"href":"https:\/\/bits.com.ec\/bits\/wp-json\/wp\/v2\/types\/page"}],"author":[{"embeddable":true,"href":"https:\/\/bits.com.ec\/bits\/wp-json\/wp\/v2\/users\/1"}],"replies":[{"embeddable":true,"href":"https:\/\/bits.com.ec\/bits\/wp-json\/wp\/v2\/comments?post=4037"}],"version-history":[{"count":107,"href":"https:\/\/bits.com.ec\/bits\/wp-json\/wp\/v2\/pages\/4037\/revisions"}],"predecessor-version":[{"id":4367,"href":"https:\/\/bits.com.ec\/bits\/wp-json\/wp\/v2\/pages\/4037\/revisions\/4367"}],"wp:featuredmedia":[{"embeddable":true,"href":"https:\/\/bits.com.ec\/bits\/wp-json\/wp\/v2\/media\/4040"}],"wp:attachment":[{"href":"https:\/\/bits.com.ec\/bits\/wp-json\/wp\/v2\/media?parent=4037"}],"curies":[{"name":"wp","href":"https:\/\/api.w.org\/{rel}","templated":true}]}}