{"id":4102,"date":"2024-04-25T23:51:16","date_gmt":"2024-04-25T18:51:16","guid":{"rendered":"http:\/\/bits.com.ec\/bits\/?page_id=4102"},"modified":"2024-04-26T07:37:26","modified_gmt":"2024-04-26T02:37:26","slug":"kit-de-camaras-de-seguridad-2","status":"publish","type":"page","link":"https:\/\/bits.com.ec\/bits\/kit-de-camaras-de-seguridad-2\/","title":{"rendered":"Kit de c\u00e1maras de seguridad 1080P"},"content":{"rendered":"<p>&nbsp;<\/p>\n<h1 style=\"text-align: center;\"><strong>KIT DE 4 CAMARAS DE SEGURIDAD 1080P CON AUDIO<\/strong><\/h1>\n<p><img loading=\"lazy\" decoding=\"async\" class=\" wp-image-4346 aligncenter\" src=\"http:\/\/bits.com.ec\/bits\/wp-content\/uploads\/2024\/04\/Kit-de-4-camaras-Dahua-1080p-full-color-y-audio-300x300.png\" alt=\"\" width=\"323\" height=\"323\" srcset=\"https:\/\/bits.com.ec\/bits\/wp-content\/uploads\/2024\/04\/Kit-de-4-camaras-Dahua-1080p-full-color-y-audio-300x300.png 300w, https:\/\/bits.com.ec\/bits\/wp-content\/uploads\/2024\/04\/Kit-de-4-camaras-Dahua-1080p-full-color-y-audio-1024x1024.png 1024w, https:\/\/bits.com.ec\/bits\/wp-content\/uploads\/2024\/04\/Kit-de-4-camaras-Dahua-1080p-full-color-y-audio-150x150.png 150w, https:\/\/bits.com.ec\/bits\/wp-content\/uploads\/2024\/04\/Kit-de-4-camaras-Dahua-1080p-full-color-y-audio-768x768.png 768w, https:\/\/bits.com.ec\/bits\/wp-content\/uploads\/2024\/04\/Kit-de-4-camaras-Dahua-1080p-full-color-y-audio-1536x1536.png 1536w, https:\/\/bits.com.ec\/bits\/wp-content\/uploads\/2024\/04\/Kit-de-4-camaras-Dahua-1080p-full-color-y-audio.png 2025w\" sizes=\"(max-width: 323px) 100vw, 323px\" \/><\/p>\n<h2 style=\"text-align: center;\">Este Kit de camaras de seguridad <span style=\"text-decoration: underline;\"><strong>incluye la instalaci\u00f3n y configuraci\u00f3n<\/strong> <\/span>de equipos y app en el equipo celular para visualizaci\u00f3n.<\/h2>\n<h2>Incluye:<\/h2>\n<ul>\n<li>\n<h2>1 grabador de 4 canales 1080p<\/h2>\n<\/li>\n<li>\n<h2>2 c\u00e1maras tipo tubo 1080p full color con audio<\/h2>\n<\/li>\n<li>\n<h2>2 c\u00e1maras tipo domo 1080p full color con audio<\/h2>\n<\/li>\n<li>\n<h2>1 disco duro Western Digital de 1 TB<\/h2>\n<\/li>\n<li>\n<h2>80 metros de cable UTP Cat 5e 100% cobre<\/h2>\n<\/li>\n<li>\n<h2>Fuentes, baluns, conectores, cajas<\/h2>\n<\/li>\n<li>\n<h2>1 Regulador de voltaje<\/h2>\n<\/li>\n<\/ul>\n<h2 style=\"text-align: center;\"><b>BITS SEGURIDAD CIA. LTDA.<\/b> respalda los productos con una <b>garant\u00eda de 1 a\u00f1o\u00a0<\/b>a partir de la fecha de compra, que cubre defectos de fabricaci\u00f3n mediante la\u00a0reparaci\u00f3n o en su caso la sustituci\u00f3n del producto.<\/h2>\n<p>&nbsp;<\/p>\n<h3 style=\"text-align: center;\">Cont\u00e1ctenos al WhatsApp <strong>0990955044<\/strong>\u00a0para coordinar la instalaci\u00f3n de su Kit de camaras de seguridad<\/h3>\n","protected":false},"excerpt":{"rendered":"<p>&nbsp; KIT DE 4 CAMARAS DE SEGURIDAD 1080P CON AUDIO Este Kit de camaras de seguridad incluye la instalaci\u00f3n y configuraci\u00f3n de equipos y app en el equipo celular para visualizaci\u00f3n. Incluye: 1 grabador de 4 canales 1080p 2 c\u00e1maras tipo tubo 1080p full color con audio 2 c\u00e1maras tipo domo 1080p full color con &hellip; <\/p>\n<p><a class=\"more-link block-button\" href=\"https:\/\/bits.com.ec\/bits\/kit-de-camaras-de-seguridad-2\/\">Continuar leyendo &raquo;<\/a><\/p>\n","protected":false},"author":1,"featured_media":0,"parent":0,"menu_order":0,"comment_status":"closed","ping_status":"closed","template":"","meta":{"footnotes":""},"_links":{"self":[{"href":"https:\/\/bits.com.ec\/bits\/wp-json\/wp\/v2\/pages\/4102"}],"collection":[{"href":"https:\/\/bits.com.ec\/bits\/wp-json\/wp\/v2\/pages"}],"about":[{"href":"https:\/\/bits.com.ec\/bits\/wp-json\/wp\/v2\/types\/page"}],"author":[{"embeddable":true,"href":"https:\/\/bits.com.ec\/bits\/wp-json\/wp\/v2\/users\/1"}],"replies":[{"embeddable":true,"href":"https:\/\/bits.com.ec\/bits\/wp-json\/wp\/v2\/comments?post=4102"}],"version-history":[{"count":7,"href":"https:\/\/bits.com.ec\/bits\/wp-json\/wp\/v2\/pages\/4102\/revisions"}],"predecessor-version":[{"id":4356,"href":"https:\/\/bits.com.ec\/bits\/wp-json\/wp\/v2\/pages\/4102\/revisions\/4356"}],"wp:attachment":[{"href":"https:\/\/bits.com.ec\/bits\/wp-json\/wp\/v2\/media?parent=4102"}],"curies":[{"name":"wp","href":"https:\/\/api.w.org\/{rel}","templated":true}]}}