{"id":4190,"date":"2020-01-17T00:36:49","date_gmt":"2020-01-16T19:36:49","guid":{"rendered":"http:\/\/bits.com.ec\/bits\/?page_id=4190"},"modified":"2024-11-09T22:32:03","modified_gmt":"2024-11-09T17:32:03","slug":"videos-de-camaras-de-seguridad","status":"publish","type":"page","link":"https:\/\/bits.com.ec\/bits\/videos-de-camaras-de-seguridad\/","title":{"rendered":"Videos de camaras de seguridad"},"content":{"rendered":"<h2 style=\"text-align: center;\"><span style=\"color: #800080;\"><strong>Haga Click en los videos para que visualice las c\u00e1maras de seguridad en diferentes \u00e1reas<\/strong><\/span><\/h2>\n<p>&nbsp;<\/p>\n<table style=\"height: 1318px;\" width=\"630\">\n<tbody>\n<tr>\n<td><div style=\"width: 304px;\" class=\"wp-video\"><!--[if lt IE 9]><script>document.createElement('video');<\/script><![endif]-->\n<video class=\"wp-video-shortcode\" id=\"video-4190-1\" width=\"304\" height=\"640\" preload=\"metadata\" controls=\"controls\"><source type=\"video\/mp4\" src=\"http:\/\/bits.com.ec\/bits\/wp-content\/uploads\/2020\/01\/Video_20200114121100480_by_videoshow.mp4?_=1\" \/><a href=\"http:\/\/bits.com.ec\/bits\/wp-content\/uploads\/2020\/01\/Video_20200114121100480_by_videoshow.mp4\">http:\/\/bits.com.ec\/bits\/wp-content\/uploads\/2020\/01\/Video_20200114121100480_by_videoshow.mp4<\/a><\/video><\/div><\/td>\n<td><div style=\"width: 304px;\" class=\"wp-video\"><video class=\"wp-video-shortcode\" id=\"video-4190-2\" width=\"304\" height=\"640\" preload=\"metadata\" controls=\"controls\"><source type=\"video\/mp4\" src=\"http:\/\/bits.com.ec\/bits\/wp-content\/uploads\/2020\/01\/Video_20200115152401124_by_videoshow.mp4?_=2\" \/><a href=\"http:\/\/bits.com.ec\/bits\/wp-content\/uploads\/2020\/01\/Video_20200115152401124_by_videoshow.mp4\">http:\/\/bits.com.ec\/bits\/wp-content\/uploads\/2020\/01\/Video_20200115152401124_by_videoshow.mp4<\/a><\/video><\/div><\/td>\n<\/tr>\n<tr>\n<td><div style=\"width: 304px;\" class=\"wp-video\"><video class=\"wp-video-shortcode\" id=\"video-4190-3\" width=\"304\" height=\"640\" preload=\"metadata\" controls=\"controls\"><source type=\"video\/mp4\" src=\"http:\/\/bits.com.ec\/bits\/wp-content\/uploads\/2020\/01\/las-cumbres.mp4?_=3\" \/><a href=\"http:\/\/bits.com.ec\/bits\/wp-content\/uploads\/2020\/01\/las-cumbres.mp4\">http:\/\/bits.com.ec\/bits\/wp-content\/uploads\/2020\/01\/las-cumbres.mp4<\/a><\/video><\/div><\/td>\n<td><div style=\"width: 304px;\" class=\"wp-video\"><video class=\"wp-video-shortcode\" id=\"video-4190-4\" width=\"304\" height=\"640\" preload=\"metadata\" controls=\"controls\"><source type=\"video\/mp4\" src=\"http:\/\/bits.com.ec\/bits\/wp-content\/uploads\/2020\/01\/Rollit-Cuenca.mp4?_=4\" \/><a href=\"http:\/\/bits.com.ec\/bits\/wp-content\/uploads\/2020\/01\/Rollit-Cuenca.mp4\">http:\/\/bits.com.ec\/bits\/wp-content\/uploads\/2020\/01\/Rollit-Cuenca.mp4<\/a><\/video><\/div><\/p>\n<p>&nbsp;<\/td>\n<\/tr>\n<\/tbody>\n<\/table>\n<p>&nbsp;<\/p>\n<h2 style=\"text-align: justify;\"><strong><span style=\"color: #993366;\">Llene el Formulario de Contacto y le responderemos enseguida para coordinar una visita t\u00e9cnica sin costo y cotizar su instalacion de camaras de seguridad.<\/span><\/strong><\/h2>\n<p style=\"text-align: left;\"><div role=\"form\" class=\"wpcf7\" id=\"wpcf7-f215-o1\" lang=\"en-US\" dir=\"ltr\">\n<div class=\"screen-reader-response\"><\/div>\n<form action=\"\/bits\/wp-json\/wp\/v2\/pages\/4190#wpcf7-f215-o1\" method=\"post\" class=\"wpcf7-form\" novalidate=\"novalidate\">\n<div style=\"display: none;\">\n<input type=\"hidden\" name=\"_wpcf7\" value=\"215\" \/>\n<input type=\"hidden\" name=\"_wpcf7_version\" value=\"4.7\" \/>\n<input type=\"hidden\" name=\"_wpcf7_locale\" value=\"en_US\" \/>\n<input type=\"hidden\" name=\"_wpcf7_unit_tag\" value=\"wpcf7-f215-o1\" \/>\n<input type=\"hidden\" name=\"_wpnonce\" value=\"8b438bdc12\" \/>\n<\/div>\n<p>Su nombre: (requerido)<br \/>\n    <span class=\"wpcf7-form-control-wrap your-name\"><input type=\"text\" name=\"your-name\" value=\"\" size=\"40\" class=\"wpcf7-form-control wpcf7-text wpcf7-validates-as-required\" aria-required=\"true\" aria-invalid=\"false\" \/><\/span> <\/p>\n<p>Su email: (requerido)<br \/>\n    <span class=\"wpcf7-form-control-wrap your-email\"><input type=\"email\" name=\"your-email\" value=\"\" size=\"40\" class=\"wpcf7-form-control wpcf7-text wpcf7-email wpcf7-validates-as-required wpcf7-validates-as-email\" aria-required=\"true\" aria-invalid=\"false\" \/><\/span> <\/p>\n<p>Su ciudad: (requerido)<br \/>\n   <span class=\"wpcf7-form-control-wrap ciudad\"><input type=\"text\" name=\"ciudad\" value=\"\" size=\"40\" class=\"wpcf7-form-control wpcf7-text wpcf7-validates-as-required\" aria-required=\"true\" aria-invalid=\"false\" \/><\/span> <\/p>\n<p>Su Telefono: (requerido)<br \/>\n    <span class=\"wpcf7-form-control-wrap Telefono\"><input type=\"text\" name=\"Telefono\" value=\"\" size=\"40\" class=\"wpcf7-form-control wpcf7-text wpcf7-validates-as-required\" aria-required=\"true\" aria-invalid=\"false\" \/><\/span> <\/p>\n<p>Asunto<br \/>\n    <span class=\"wpcf7-form-control-wrap your-subject\"><input type=\"text\" name=\"your-subject\" value=\"\" size=\"40\" class=\"wpcf7-form-control wpcf7-text\" aria-invalid=\"false\" \/><\/span> <\/p>\n<p>Su Mensaje<br \/>\n    <span class=\"wpcf7-form-control-wrap your-message\"><textarea name=\"your-message\" cols=\"40\" rows=\"10\" class=\"wpcf7-form-control wpcf7-textarea\" aria-invalid=\"false\"><\/textarea><\/span> <\/p>\n<p><input type=\"submit\" value=\"Send\" class=\"wpcf7-form-control wpcf7-submit\" \/><\/p>\n<p style=\"display: none !important;\"><label>&#916;<textarea name=\"_wpcf7_ak_hp_textarea\" cols=\"45\" rows=\"8\" maxlength=\"100\"><\/textarea><\/label><input type=\"hidden\" id=\"ak_js_1\" name=\"_wpcf7_ak_js\" value=\"81\"\/><script>document.getElementById( \"ak_js_1\" ).setAttribute( \"value\", ( new Date() ).getTime() );<\/script><\/p><div class=\"wpcf7-response-output wpcf7-display-none\"><\/div><\/form><\/div><\/p>\n","protected":false},"excerpt":{"rendered":"<p>Haga Click en los videos para que visualice las c\u00e1maras de seguridad en diferentes \u00e1reas &nbsp; &nbsp; &nbsp; Llene el Formulario de Contacto y le responderemos enseguida para coordinar una visita t\u00e9cnica sin costo y cotizar su instalacion de camaras de seguridad.<\/p>\n","protected":false},"author":1,"featured_media":0,"parent":0,"menu_order":0,"comment_status":"closed","ping_status":"closed","template":"","meta":{"footnotes":""},"_links":{"self":[{"href":"https:\/\/bits.com.ec\/bits\/wp-json\/wp\/v2\/pages\/4190"}],"collection":[{"href":"https:\/\/bits.com.ec\/bits\/wp-json\/wp\/v2\/pages"}],"about":[{"href":"https:\/\/bits.com.ec\/bits\/wp-json\/wp\/v2\/types\/page"}],"author":[{"embeddable":true,"href":"https:\/\/bits.com.ec\/bits\/wp-json\/wp\/v2\/users\/1"}],"replies":[{"embeddable":true,"href":"https:\/\/bits.com.ec\/bits\/wp-json\/wp\/v2\/comments?post=4190"}],"version-history":[{"count":9,"href":"https:\/\/bits.com.ec\/bits\/wp-json\/wp\/v2\/pages\/4190\/revisions"}],"predecessor-version":[{"id":4368,"href":"https:\/\/bits.com.ec\/bits\/wp-json\/wp\/v2\/pages\/4190\/revisions\/4368"}],"wp:attachment":[{"href":"https:\/\/bits.com.ec\/bits\/wp-json\/wp\/v2\/media?parent=4190"}],"curies":[{"name":"wp","href":"https:\/\/api.w.org\/{rel}","templated":true}]}}